{"id":744,"date":"2023-12-18T09:59:25","date_gmt":"2023-12-18T09:59:25","guid":{"rendered":"https:\/\/tokiobudapest.com\/?page_id=744"},"modified":"2024-02-20T09:47:52","modified_gmt":"2024-02-20T09:47:52","slug":"contact","status":"publish","type":"page","link":"https:\/\/tokiobudapest.com\/en\/contact\/","title":{"rendered":"Contact"},"content":{"rendered":"<p>[et_pb_section fb_built=&#8221;1&#8243; _builder_version=&#8221;4.23.1&#8243; _module_preset=&#8221;default&#8221; custom_margin=&#8221;-100px||0px||false|false&#8221; custom_margin_tablet=&#8221;0px||||false|false&#8221; custom_margin_phone=&#8221;0px||||false|false&#8221; custom_margin_last_edited=&#8221;on|tablet&#8221; custom_padding=&#8221;0px||0px||false|false&#8221; locked=&#8221;off&#8221; global_colors_info=&#8221;{}&#8221;][et_pb_row column_structure=&#8221;2_5,3_5&#8243; make_equal=&#8221;on&#8221; _builder_version=&#8221;4.24.0&#8243; _module_preset=&#8221;default&#8221; background_color=&#8221;#4e403b&#8221; width=&#8221;100%&#8221; max_width=&#8221;2560px&#8221; custom_margin=&#8221;-25px||0px||false|false&#8221; custom_margin_tablet=&#8221;-20px||0px||false|false&#8221; custom_margin_phone=&#8221;0px||0px||false|false&#8221; custom_margin_last_edited=&#8221;on|tablet&#8221; custom_padding=&#8221;30px||0px||false|false&#8221; hover_enabled=&#8221;0&#8243; global_colors_info=&#8221;{}&#8221; sticky_enabled=&#8221;0&#8243;][et_pb_column type=&#8221;2_5&#8243; _builder_version=&#8221;4.23.1&#8243; _module_preset=&#8221;default&#8221; global_colors_info=&#8221;{}&#8221;][et_pb_image src=&#8221;https:\/\/tokiobudapest.com\/wp-content\/uploads\/2024\/02\/Tokio-Budapest-6.jpg&#8221; title_text=&#8221;Tokio-Budapest-6&#8243; disabled_on=&#8221;on|on|off&#8221; _builder_version=&#8221;4.24.0&#8243; _module_preset=&#8221;default&#8221; custom_margin=&#8221;-50px||||false|false&#8221; sticky_position=&#8221;top&#8221; sticky_limit_top=&#8221;section&#8221; sticky_limit_bottom=&#8221;row&#8221; sticky_offset_surrounding=&#8221;off&#8221; motion_trigger_start=&#8221;top&#8221; sticky_position_tablet=&#8221;none&#8221; sticky_position_phone=&#8221;none&#8221; sticky_position_last_edited=&#8221;on|desktop&#8221; global_colors_info=&#8221;{}&#8221;][\/et_pb_image][\/et_pb_column][et_pb_column type=&#8221;3_5&#8243; _builder_version=&#8221;4.24.0&#8243; _module_preset=&#8221;default&#8221; background_color=&#8221;RGBA(255,255,255,0)&#8221; custom_padding=&#8221;5%|8%|5%|2%|true|false&#8221; custom_padding_tablet=&#8221;|5%|||true|false&#8221; custom_padding_phone=&#8221;|5%|||true|false&#8221; custom_padding_last_edited=&#8221;off|desktop&#8221; global_colors_info=&#8221;{}&#8221;][et_pb_text _builder_version=&#8221;4.24.0&#8243; _module_preset=&#8221;default&#8221; text_font=&#8221;TokioCentury|700||on|||||&#8221; text_text_color=&#8221;#FFFFFF&#8221; text_font_size=&#8221;30px&#8221; header_font=&#8221;TokioHeadline|700|||||||&#8221; header_text_color=&#8221;#FFFFFF&#8221; header_font_size=&#8221;40px&#8221; hover_enabled=&#8221;0&#8243; global_colors_info=&#8221;{}&#8221; sticky_enabled=&#8221;0&#8243;]<\/p>\n<h1 style=\"text-align: center;\">Opening hours<\/h1>\n<p>[\/et_pb_text][et_pb_text _builder_version=&#8221;4.24.0&#8243; _module_preset=&#8221;default&#8221; text_font=&#8221;TokioCentury||||||||&#8221; text_text_color=&#8221;#FFFFFF&#8221; text_letter_spacing=&#8221;1px&#8221; custom_margin=&#8221;||70px|||&#8221; hover_enabled=&#8221;0&#8243; global_colors_info=&#8221;{}&#8221; sticky_enabled=&#8221;0&#8243;]<\/p>\n<p style=\"text-align: center;\">Our kitchen closes at 23:00.<\/p>\n<p style=\"text-align: center;\">Please note that we can only hold your reserved table for 15 minutes. If we are not notified of the delay, the booking will be automatically cancelled. Thank you!<\/p>\n<p style=\"text-align: center;\">Monday-Sunday: 12:00 PM \u2013 12:00 AM<\/p>\n<p>[\/et_pb_text][et_pb_text _builder_version=&#8221;4.24.0&#8243; _module_preset=&#8221;default&#8221; text_font=&#8221;TokioCentury|700||on|||||&#8221; text_text_color=&#8221;#FFFFFF&#8221; text_font_size=&#8221;30px&#8221; header_font=&#8221;TokioHeadline|700|||||||&#8221; header_text_color=&#8221;#FFFFFF&#8221; header_font_size=&#8221;40px&#8221; hover_enabled=&#8221;0&#8243; global_colors_info=&#8221;{}&#8221; sticky_enabled=&#8221;0&#8243;]<\/p>\n<h1 style=\"text-align: center;\">Contact<\/h1>\n<p>[\/et_pb_text][et_pb_social_media_follow icon_color=&#8221;#000000&#8243; _builder_version=&#8221;4.24.0&#8243; _module_preset=&#8221;default&#8221; text_orientation=&#8221;right&#8221; custom_margin=&#8221;-5em||||false|false&#8221; custom_margin_tablet=&#8221;-5em||||false|false&#8221; custom_margin_phone=&#8221;0em||||false|false&#8221; custom_margin_last_edited=&#8221;on|desktop&#8221; custom_padding=&#8221;||0px|||&#8221; text_orientation_tablet=&#8221;right&#8221; text_orientation_phone=&#8221;center&#8221; text_orientation_last_edited=&#8221;on|tablet&#8221; border_color_all=&#8221;#000000&#8243; global_colors_info=&#8221;{}&#8221;][et_pb_social_media_follow_network social_network=&#8221;facebook&#8221; url=&#8221;https:\/\/www.facebook.com\/tokiobudapest\/&#8221; _builder_version=&#8221;4.24.0&#8243; _module_preset=&#8221;default&#8221; background_color=&#8221;#e65166&#8243; background_enable_color=&#8221;on&#8221; border_width_all=&#8221;3px&#8221; border_color_all=&#8221;#e65166&#8243; global_colors_info=&#8221;{}&#8221; follow_button=&#8221;off&#8221; url_new_window=&#8221;on&#8221;]facebook[\/et_pb_social_media_follow_network][et_pb_social_media_follow_network social_network=&#8221;instagram&#8221; url=&#8221;https:\/\/www.instagram.com\/tokiobudapest\/&#8221; _builder_version=&#8221;4.24.0&#8243; _module_preset=&#8221;default&#8221; background_color=&#8221;#e65166&#8243; background_enable_color=&#8221;on&#8221; border_width_all=&#8221;3px&#8221; border_color_all=&#8221;#e65166&#8243; global_colors_info=&#8221;{}&#8221; follow_button=&#8221;off&#8221; url_new_window=&#8221;on&#8221;]instagram[\/et_pb_social_media_follow_network][et_pb_social_media_follow_network social_network=&#8221;google&#8221; url=&#8221;https:\/\/www.google.hu\/search?q=tokio&#038;sxsrf=AJOqlzWcqo1r23fw8_E87cz1UTaoZg9esw%3A1678715656554&#038;ei=CCsPZNS2IdH2sAez7ZbADw&#038;ved=0ahUKEwjU2oyTh9n9AhVRO-wKHbO2BfgQ4dUDCA8&#038;uact=5&#038;oq=tokio&#038;gs_lcp=Cgxnd3Mtd2l6LXNlcnAQAzILCC4QrwEQxwEQgAQyCAguEIAEEMsBMgUIABCABDIICC4QgAQQywEyBQgAEIAEMggIABCABBDLATINCC4QgAQQ1AIQChDLATIICC4QgAQQywEyBQgAEIAEMggIABCABBDLAToKCAAQRxDWBBCwAzoSCC4QxwEQrwEQyAMQsAMQQxgBOhUILhDHARCvARDUAhDIAxCwAxBDGAE6CgguEK8BEMcBEEM6CgguEMcBEK8BEEM6BAgAEEM6BwguENQCEEM6BAguEEM6CgguEMcBENEDEEM6BAgjECc6BQgAEJECOgsILhCABBDHARCvAToICC4QgAQQ1AI6BwgAEIAEEAo6BQguEIAEOggILhDUAhCABEoECEEYAFCED1jQE2DjFWgGcAF4AIABiwKIAasHkgEFMC4yLjOYAQCgAQHIAQ7AAQHaAQYIARABGAg&#038;sclient=gws-wiz-serp&#8221; _builder_version=&#8221;4.24.0&#8243; _module_preset=&#8221;default&#8221; background_color=&#8221;#e65166&#8243; background_enable_color=&#8221;on&#8221; border_width_all=&#8221;3px&#8221; border_color_all=&#8221;#e65166&#8243; global_colors_info=&#8221;{}&#8221; follow_button=&#8221;off&#8221; url_new_window=&#8221;on&#8221;]google[\/et_pb_social_media_follow_network][\/et_pb_social_media_follow][et_pb_text _builder_version=&#8221;4.24.0&#8243; _module_preset=&#8221;default&#8221; text_font=&#8221;TokioCentury||||||||&#8221; text_text_color=&#8221;#FFFFFF&#8221; text_letter_spacing=&#8221;1px&#8221; link_font=&#8221;|600|||||||&#8221; link_text_color=&#8221;#e5bec1&#8243; hover_enabled=&#8221;0&#8243; global_colors_info=&#8221;{}&#8221; sticky_enabled=&#8221;0&#8243;]<\/p>\n<p style=\"text-align: center;\"><strong>Address:<span>\u00a0<\/span><\/strong><a href=\"https:\/\/www.google.com\/maps\/place\/TOKIO\/@47.5002927,19.0301766,15z\/data=!4m10!1m2!2m1!1stokio!3m6!1s0x4741dc15939ab27f:0xbbff7834f98cbcff!8m2!3d47.5002927!4d19.0476861!15sCgV0b2tpb1oHIgV0b2tpb5IBE2phcGFuZXNlX3Jlc3RhdXJhbnSaASNDaFpEU1VoTk1HOW5TMFZKUTBGblNVUnpkWEpwVGs1M0VBReABAA!16s%2Fg%2F119wp7x_y\">1051 Budapest, Sz\u00e9chenyi Istv\u00e1n t\u00e9r 7-8.<\/a><\/p>\n<p style=\"text-align: center;\"><strong>Phone:<\/strong><span>\u00a0<\/span><a href=\"tel:+36 70 333 2176\" target=\"_blank\" rel=\"noreferrer noopener\">+36 70 333 2176<\/a><\/p>\n<p style=\"text-align: center;\"><strong>E-mail:<\/strong><span>\u00a0<\/span><a href=\"mailto:info@tokiobudapest.com\" target=\"_blank\" rel=\"noreferrer noopener\">info@tokiobudapest.com<\/a><\/p>\n<p>[\/et_pb_text][et_pb_button button_url=&#8221;https:\/\/www.sevenrooms.com\/reservations\/tokio&#8221; url_new_window=&#8221;on&#8221; button_text=&#8221;BOOK NOW&#8221; button_alignment=&#8221;center&#8221; _builder_version=&#8221;4.24.0&#8243; _module_preset=&#8221;default&#8221; custom_button=&#8221;on&#8221; button_text_color=&#8221;#FFFFFF&#8221; button_bg_color=&#8221;#e65166&#8243; button_border_color=&#8221;#e65166&#8243; button_letter_spacing=&#8221;1px&#8221; button_font=&#8221;TokioHeadline|||on|||||&#8221; hover_enabled=&#8221;0&#8243; locked=&#8221;off&#8221; global_colors_info=&#8221;{}&#8221; sticky_enabled=&#8221;0&#8243;][\/et_pb_button][et_pb_image src=&#8221;https:\/\/tokiobudapest.com\/wp-content\/uploads\/2024\/02\/Tokio-Budapest-6.jpg&#8221; title_text=&#8221;Tokio-Budapest-6&#8243; disabled_on=&#8221;off|off|on&#8221; _builder_version=&#8221;4.24.0&#8243; _module_preset=&#8221;default&#8221; global_colors_info=&#8221;{}&#8221;][\/et_pb_image][\/et_pb_column][\/et_pb_row][\/et_pb_section]<\/p>\n","protected":false},"excerpt":{"rendered":"<p>Opening hoursOur kitchen closes at 23:00. Please note that we can only hold your reserved table for 15 minutes. If we are not notified of the delay, the booking will be automatically cancelled. Thank you! Monday-Sunday: 12:00 PM \u2013 12:00 AMContactAddress:\u00a01051 Budapest, Sz\u00e9chenyi Istv\u00e1n t\u00e9r 7-8. Phone:\u00a0+36 70 333 2176 E-mail:\u00a0info@tokiobudapest.com<\/p>\n","protected":false},"author":1,"featured_media":0,"parent":0,"menu_order":0,"comment_status":"closed","ping_status":"closed","template":"","meta":{"_et_pb_use_builder":"on","_et_pb_old_content":"","_et_gb_content_width":"","footnotes":""},"class_list":["post-744","page","type-page","status-publish","hentry"],"yoast_head":"<!-- This site is optimized with the Yoast SEO Premium plugin v27.2 (Yoast SEO v27.2) - https:\/\/yoast.com\/product\/yoast-seo-premium-wordpress\/ -->\n<title>Contact - TG Tokio<\/title>\n<meta name=\"robots\" content=\"index, follow, max-snippet:-1, max-image-preview:large, max-video-preview:-1\" \/>\n<link rel=\"canonical\" href=\"https:\/\/tokiobudapest.com\/en\/contact\/\" \/>\n<meta property=\"og:locale\" content=\"en_US\" \/>\n<meta property=\"og:type\" content=\"article\" \/>\n<meta property=\"og:title\" content=\"Contact\" \/>\n<meta property=\"og:description\" content=\"Opening hoursOur kitchen closes at 23:00. Please note that we can only hold your reserved table for 15 minutes. If we are not notified of the delay, the booking will be automatically cancelled. Thank you! Monday-Sunday: 12:00 PM \u2013 12:00 AMContactAddress:\u00a01051 Budapest, Sz\u00e9chenyi Istv\u00e1n t\u00e9r 7-8. Phone:\u00a0+36 70 333 2176 E-mail:\u00a0info@tokiobudapest.com\" \/>\n<meta property=\"og:url\" content=\"https:\/\/tokiobudapest.com\/en\/contact\/\" \/>\n<meta property=\"og:site_name\" content=\"TG Tokio\" \/>\n<meta property=\"article:modified_time\" content=\"2024-02-20T09:47:52+00:00\" \/>\n<meta name=\"twitter:card\" content=\"summary_large_image\" \/>\n<meta name=\"twitter:label1\" content=\"Est. reading time\" \/>\n\t<meta name=\"twitter:data1\" content=\"1 minute\" \/>\n<script type=\"application\/ld+json\" class=\"yoast-schema-graph\">{\"@context\":\"https:\/\/schema.org\",\"@graph\":[{\"@type\":\"WebPage\",\"@id\":\"https:\/\/tokiobudapest.com\/en\/contact\/\",\"url\":\"https:\/\/tokiobudapest.com\/en\/contact\/\",\"name\":\"Contact - TG Tokio\",\"isPartOf\":{\"@id\":\"https:\/\/tokiobudapest.com\/#website\"},\"datePublished\":\"2023-12-18T09:59:25+00:00\",\"dateModified\":\"2024-02-20T09:47:52+00:00\",\"breadcrumb\":{\"@id\":\"https:\/\/tokiobudapest.com\/en\/contact\/#breadcrumb\"},\"inLanguage\":\"en-US\",\"potentialAction\":[{\"@type\":\"ReadAction\",\"target\":[\"https:\/\/tokiobudapest.com\/en\/contact\/\"]}]},{\"@type\":\"BreadcrumbList\",\"@id\":\"https:\/\/tokiobudapest.com\/en\/contact\/#breadcrumb\",\"itemListElement\":[{\"@type\":\"ListItem\",\"position\":1,\"name\":\"Home\",\"item\":\"https:\/\/tokiobudapest.com\/en\/\"},{\"@type\":\"ListItem\",\"position\":2,\"name\":\"Contact\"}]},{\"@type\":\"WebSite\",\"@id\":\"https:\/\/tokiobudapest.com\/#website\",\"url\":\"https:\/\/tokiobudapest.com\/\",\"name\":\"TG Tokio\",\"description\":\"\",\"publisher\":{\"@id\":\"https:\/\/tokiobudapest.com\/#organization\"},\"potentialAction\":[{\"@type\":\"SearchAction\",\"target\":{\"@type\":\"EntryPoint\",\"urlTemplate\":\"https:\/\/tokiobudapest.com\/?s={search_term_string}\"},\"query-input\":{\"@type\":\"PropertyValueSpecification\",\"valueRequired\":true,\"valueName\":\"search_term_string\"}}],\"inLanguage\":\"en-US\"},{\"@type\":\"Organization\",\"@id\":\"https:\/\/tokiobudapest.com\/#organization\",\"name\":\"TG Tokio\",\"url\":\"https:\/\/tokiobudapest.com\/\",\"logo\":{\"@type\":\"ImageObject\",\"inLanguage\":\"en-US\",\"@id\":\"https:\/\/tokiobudapest.com\/#\/schema\/logo\/image\/\",\"url\":\"\",\"contentUrl\":\"\",\"caption\":\"TG Tokio\"},\"image\":{\"@id\":\"https:\/\/tokiobudapest.com\/#\/schema\/logo\/image\/\"}}]}<\/script>\n<!-- \/ Yoast SEO Premium plugin. -->","yoast_head_json":{"title":"Contact - TG Tokio","robots":{"index":"index","follow":"follow","max-snippet":"max-snippet:-1","max-image-preview":"max-image-preview:large","max-video-preview":"max-video-preview:-1"},"canonical":"https:\/\/tokiobudapest.com\/en\/contact\/","og_locale":"en_US","og_type":"article","og_title":"Contact","og_description":"Opening hoursOur kitchen closes at 23:00. Please note that we can only hold your reserved table for 15 minutes. If we are not notified of the delay, the booking will be automatically cancelled. Thank you! Monday-Sunday: 12:00 PM \u2013 12:00 AMContactAddress:\u00a01051 Budapest, Sz\u00e9chenyi Istv\u00e1n t\u00e9r 7-8. Phone:\u00a0+36 70 333 2176 E-mail:\u00a0info@tokiobudapest.com","og_url":"https:\/\/tokiobudapest.com\/en\/contact\/","og_site_name":"TG Tokio","article_modified_time":"2024-02-20T09:47:52+00:00","twitter_card":"summary_large_image","twitter_misc":{"Est. reading time":"1 minute"},"schema":{"@context":"https:\/\/schema.org","@graph":[{"@type":"WebPage","@id":"https:\/\/tokiobudapest.com\/en\/contact\/","url":"https:\/\/tokiobudapest.com\/en\/contact\/","name":"Contact - TG Tokio","isPartOf":{"@id":"https:\/\/tokiobudapest.com\/#website"},"datePublished":"2023-12-18T09:59:25+00:00","dateModified":"2024-02-20T09:47:52+00:00","breadcrumb":{"@id":"https:\/\/tokiobudapest.com\/en\/contact\/#breadcrumb"},"inLanguage":"en-US","potentialAction":[{"@type":"ReadAction","target":["https:\/\/tokiobudapest.com\/en\/contact\/"]}]},{"@type":"BreadcrumbList","@id":"https:\/\/tokiobudapest.com\/en\/contact\/#breadcrumb","itemListElement":[{"@type":"ListItem","position":1,"name":"Home","item":"https:\/\/tokiobudapest.com\/en\/"},{"@type":"ListItem","position":2,"name":"Contact"}]},{"@type":"WebSite","@id":"https:\/\/tokiobudapest.com\/#website","url":"https:\/\/tokiobudapest.com\/","name":"TG Tokio","description":"","publisher":{"@id":"https:\/\/tokiobudapest.com\/#organization"},"potentialAction":[{"@type":"SearchAction","target":{"@type":"EntryPoint","urlTemplate":"https:\/\/tokiobudapest.com\/?s={search_term_string}"},"query-input":{"@type":"PropertyValueSpecification","valueRequired":true,"valueName":"search_term_string"}}],"inLanguage":"en-US"},{"@type":"Organization","@id":"https:\/\/tokiobudapest.com\/#organization","name":"TG Tokio","url":"https:\/\/tokiobudapest.com\/","logo":{"@type":"ImageObject","inLanguage":"en-US","@id":"https:\/\/tokiobudapest.com\/#\/schema\/logo\/image\/","url":"","contentUrl":"","caption":"TG Tokio"},"image":{"@id":"https:\/\/tokiobudapest.com\/#\/schema\/logo\/image\/"}}]}},"_links":{"self":[{"href":"https:\/\/tokiobudapest.com\/en\/wp-json\/wp\/v2\/pages\/744","targetHints":{"allow":["GET"]}}],"collection":[{"href":"https:\/\/tokiobudapest.com\/en\/wp-json\/wp\/v2\/pages"}],"about":[{"href":"https:\/\/tokiobudapest.com\/en\/wp-json\/wp\/v2\/types\/page"}],"author":[{"embeddable":true,"href":"https:\/\/tokiobudapest.com\/en\/wp-json\/wp\/v2\/users\/1"}],"replies":[{"embeddable":true,"href":"https:\/\/tokiobudapest.com\/en\/wp-json\/wp\/v2\/comments?post=744"}],"version-history":[{"count":12,"href":"https:\/\/tokiobudapest.com\/en\/wp-json\/wp\/v2\/pages\/744\/revisions"}],"predecessor-version":[{"id":3959,"href":"https:\/\/tokiobudapest.com\/en\/wp-json\/wp\/v2\/pages\/744\/revisions\/3959"}],"wp:attachment":[{"href":"https:\/\/tokiobudapest.com\/en\/wp-json\/wp\/v2\/media?parent=744"}],"curies":[{"name":"wp","href":"https:\/\/api.w.org\/{rel}","templated":true}]}}