{"id":4020,"date":"2023-12-18T09:59:19","date_gmt":"2023-12-18T09:59:19","guid":{"rendered":"https:\/\/tokiobudapest.com\/menus\/"},"modified":"2025-02-24T08:52:04","modified_gmt":"2025-02-24T08:52:04","slug":"menus","status":"publish","type":"page","link":"https:\/\/tokiobudapest.com\/en\/menus\/","title":{"rendered":"Menus"},"content":{"rendered":"<p>[et_pb_section fb_built=&#8221;1&#8243; _builder_version=&#8221;4.23.1&#8243; _module_preset=&#8221;default&#8221; custom_margin=&#8221;-100px||0px||false|false&#8221; custom_margin_tablet=&#8221;0px||||false|false&#8221; custom_margin_phone=&#8221;0px||||false|false&#8221; custom_margin_last_edited=&#8221;on|phone&#8221; custom_padding=&#8221;0px||0px||false|false&#8221; global_colors_info=&#8221;{}&#8221;][et_pb_row column_structure=&#8221;2_5,3_5&#8243; make_equal=&#8221;on&#8221; admin_label=&#8221;Row&#8221; _builder_version=&#8221;4.24.0&#8243; _module_preset=&#8221;default&#8221; background_color=&#8221;#4e403b&#8221; width=&#8221;100%&#8221; max_width=&#8221;2560px&#8221; custom_margin=&#8221;-25px||0px||false|false&#8221; custom_margin_tablet=&#8221;-20px||0px||false|false&#8221; custom_margin_phone=&#8221;0px||0px||false|false&#8221; custom_margin_last_edited=&#8221;on|tablet&#8221; custom_padding=&#8221;30px||0px||false|false&#8221; global_colors_info=&#8221;{}&#8221;][et_pb_column type=&#8221;2_5&#8243; _builder_version=&#8221;4.23.1&#8243; _module_preset=&#8221;default&#8221; global_colors_info=&#8221;{}&#8221;][et_pb_image src=&#8221;https:\/\/tokiobudapest.com\/wp-content\/uploads\/2024\/02\/Tokio-Budapest.jpg&#8221; title_text=&#8221;Tokio-Budapest&#8221; disabled_on=&#8221;on|on|off&#8221; _builder_version=&#8221;4.24.0&#8243; _module_preset=&#8221;default&#8221; custom_margin=&#8221;-50px||||false|false&#8221; sticky_position=&#8221;top&#8221; sticky_limit_top=&#8221;section&#8221; sticky_limit_bottom=&#8221;row&#8221; sticky_offset_surrounding=&#8221;off&#8221; motion_trigger_start=&#8221;top&#8221; global_colors_info=&#8221;{}&#8221;][\/et_pb_image][\/et_pb_column][et_pb_column type=&#8221;3_5&#8243; _builder_version=&#8221;4.24.0&#8243; _module_preset=&#8221;default&#8221; background_color=&#8221;RGBA(255,255,255,0)&#8221; custom_padding=&#8221;5%|8%|5%|2%|true|false&#8221; custom_padding_tablet=&#8221;|5%|||true|false&#8221; custom_padding_phone=&#8221;|5%|||true|false&#8221; custom_padding_last_edited=&#8221;off|desktop&#8221; global_colors_info=&#8221;{}&#8221;][et_pb_text _builder_version=&#8221;4.24.0&#8243; _module_preset=&#8221;default&#8221; text_font=&#8221;Marcellus|700||on|||||&#8221; text_text_color=&#8221;#000000&#8243; text_font_size=&#8221;30px&#8221; header_font=&#8221;TokioHeadline|700|||||||&#8221; header_text_color=&#8221;#FFFFFF&#8221; header_font_size=&#8221;40px&#8221; custom_margin=&#8221;||65px|||&#8221; global_colors_info=&#8221;{}&#8221;]<\/p>\n<h1 style=\"text-align: center;\">MENUS<\/h1>\n<p>[\/et_pb_text][et_pb_button button_url=&#8221;https:\/\/tokiobudapest.com\/wp-content\/uploads\/2025\/02\/Tokio-Etlap-240716-Olasz.pdf&#8221; url_new_window=&#8221;on&#8221; button_text=&#8221;ITALIAN MENU&#8221; button_alignment=&#8221;center&#8221; module_class=&#8221;menu-button&#8221; _builder_version=&#8221;4.27.4&#8243; _module_preset=&#8221;default&#8221; custom_button=&#8221;on&#8221; button_text_size=&#8221;18px&#8221; button_text_color=&#8221;#000000&#8243; button_bg_color=&#8221;#e65166&#8243; button_border_color=&#8221;#e65166&#8243; button_font=&#8221;TokioCentury|600||on|||||&#8221; hover_enabled=&#8221;0&#8243; locked=&#8221;off&#8221; global_colors_info=&#8221;{}&#8221; sticky_enabled=&#8221;0&#8243;][\/et_pb_button][et_pb_button button_url=&#8221;https:\/\/tokiobudapest.com\/wp-content\/uploads\/2025\/02\/Tokio-Etlap-240716-Spanyol.pdf&#8221; url_new_window=&#8221;on&#8221; button_text=&#8221;SPANISH MENU&#8221; button_alignment=&#8221;center&#8221; module_class=&#8221;menu-button&#8221; _builder_version=&#8221;4.27.4&#8243; _module_preset=&#8221;default&#8221; custom_button=&#8221;on&#8221; button_text_size=&#8221;18px&#8221; button_text_color=&#8221;#000000&#8243; button_bg_color=&#8221;#e65166&#8243; button_border_color=&#8221;#e65166&#8243; button_font=&#8221;TokioCentury|600||on|||||&#8221; hover_enabled=&#8221;0&#8243; locked=&#8221;off&#8221; global_colors_info=&#8221;{}&#8221; sticky_enabled=&#8221;0&#8243;][\/et_pb_button][et_pb_button button_url=&#8221;https:\/\/tokiobudapest.com\/wp-content\/uploads\/2025\/02\/Tokio-Etlap-240716-Ukran.pdf&#8221; url_new_window=&#8221;on&#8221; button_text=&#8221;UKRANIAN MENU&#8221; button_alignment=&#8221;center&#8221; module_class=&#8221;menu-button&#8221; _builder_version=&#8221;4.27.4&#8243; _module_preset=&#8221;default&#8221; custom_button=&#8221;on&#8221; button_text_size=&#8221;18px&#8221; button_text_color=&#8221;#000000&#8243; button_bg_color=&#8221;#e65166&#8243; button_border_color=&#8221;#e65166&#8243; button_font=&#8221;TokioCentury|600||on|||||&#8221; hover_enabled=&#8221;0&#8243; locked=&#8221;off&#8221; global_colors_info=&#8221;{}&#8221; sticky_enabled=&#8221;0&#8243;][\/et_pb_button][et_pb_button button_url=&#8221;https:\/\/tokiobudapest.com\/wp-content\/uploads\/2025\/02\/Tokio-Etlap-240716-Heber.pdf&#8221; url_new_window=&#8221;on&#8221; button_text=&#8221;HEBREW MENU&#8221; button_alignment=&#8221;center&#8221; module_class=&#8221;menu-button&#8221; _builder_version=&#8221;4.27.4&#8243; _module_preset=&#8221;default&#8221; custom_button=&#8221;on&#8221; button_text_size=&#8221;18px&#8221; button_text_color=&#8221;#000000&#8243; button_bg_color=&#8221;#e65166&#8243; button_border_color=&#8221;#e65166&#8243; button_font=&#8221;TokioCentury|600||on|||||&#8221; hover_enabled=&#8221;0&#8243; locked=&#8221;off&#8221; global_colors_info=&#8221;{}&#8221; sticky_enabled=&#8221;0&#8243;][\/et_pb_button][et_pb_button button_url=&#8221;https:\/\/tokiobudapest.com\/wp-content\/uploads\/2025\/02\/Tokio-Etlap-240716-Orosz.pdf&#8221; url_new_window=&#8221;on&#8221; button_text=&#8221;RUSSIAN MENU&#8221; button_alignment=&#8221;center&#8221; module_class=&#8221;menu-button&#8221; _builder_version=&#8221;4.27.4&#8243; _module_preset=&#8221;default&#8221; custom_button=&#8221;on&#8221; button_text_size=&#8221;18px&#8221; button_text_color=&#8221;#000000&#8243; button_bg_color=&#8221;#e65166&#8243; button_border_color=&#8221;#e65166&#8243; button_font=&#8221;TokioCentury|600||on|||||&#8221; hover_enabled=&#8221;0&#8243; locked=&#8221;off&#8221; global_colors_info=&#8221;{}&#8221; sticky_enabled=&#8221;0&#8243;][\/et_pb_button][et_pb_button button_url=&#8221;https:\/\/tokiobudapest.com\/wp-content\/uploads\/2025\/02\/Tokio-Etlap-240716-Nemet.pdf&#8221; url_new_window=&#8221;on&#8221; button_text=&#8221;GERMAN MENU&#8221; button_alignment=&#8221;center&#8221; module_class=&#8221;menu-button&#8221; _builder_version=&#8221;4.27.4&#8243; _module_preset=&#8221;default&#8221; custom_button=&#8221;on&#8221; button_text_size=&#8221;18px&#8221; button_text_color=&#8221;#000000&#8243; button_bg_color=&#8221;#e65166&#8243; button_border_color=&#8221;#e65166&#8243; button_font=&#8221;TokioCentury|600||on|||||&#8221; hover_enabled=&#8221;0&#8243; locked=&#8221;off&#8221; global_colors_info=&#8221;{}&#8221; sticky_enabled=&#8221;0&#8243;][\/et_pb_button][et_pb_image src=&#8221;https:\/\/tokiobudapest.com\/wp-content\/uploads\/2024\/02\/Tokio-Budapest.jpg&#8221; title_text=&#8221;Tokio-Budapest&#8221; disabled_on=&#8221;off|off|on&#8221; _builder_version=&#8221;4.24.0&#8243; _module_preset=&#8221;default&#8221; global_colors_info=&#8221;{}&#8221;][\/et_pb_image][\/et_pb_column][\/et_pb_row][\/et_pb_section][et_pb_section fb_built=&#8221;1&#8243; _builder_version=&#8221;4.24.0&#8243; _module_preset=&#8221;default&#8221; background_color=&#8221;#efeede&#8221; global_colors_info=&#8221;{}&#8221;][et_pb_row column_structure=&#8221;1_4,1_4,1_4,1_4&#8243; make_equal=&#8221;on&#8221; _builder_version=&#8221;4.23.1&#8243; _module_preset=&#8221;default&#8221; width=&#8221;95%&#8221; max_width=&#8221;2560px&#8221; global_colors_info=&#8221;{}&#8221;][et_pb_column type=&#8221;1_4&#8243; _builder_version=&#8221;4.23.1&#8243; _module_preset=&#8221;default&#8221; global_colors_info=&#8221;{}&#8221;][et_pb_text _builder_version=&#8221;4.23.1&#8243; _module_preset=&#8221;default&#8221; text_font=&#8221;Marcellus|800||on|||||&#8221; text_text_color=&#8221;#343b36&#8243; text_font_size=&#8221;20px&#8221; text_orientation=&#8221;center&#8221; global_colors_info=&#8221;{}&#8221;]<\/p>\n<p>NYITVATART\u00c1S<\/p>\n<p>[\/et_pb_text][et_pb_text _builder_version=&#8221;4.23.1&#8243; _module_preset=&#8221;default&#8221; text_font=&#8221;Marcellus||||||||&#8221; text_text_color=&#8221;#343b36&#8243; text_orientation=&#8221;center&#8221; global_colors_info=&#8221;{}&#8221;]<\/p>\n<p><strong>H\u00e9tf\u0151-Vas\u00e1rnap:<\/strong><br \/>12:00 PM \u2013 12:00 AM<\/p>\n<p class=\"has-text-align-center\">Konyh\u00e1nk 23:00-kor z\u00e1r.<\/p>\n<p>[\/et_pb_text][\/et_pb_column][et_pb_column type=&#8221;1_4&#8243; _builder_version=&#8221;4.23.1&#8243; _module_preset=&#8221;default&#8221; global_colors_info=&#8221;{}&#8221;][et_pb_text _builder_version=&#8221;4.23.1&#8243; _module_preset=&#8221;default&#8221; text_font=&#8221;Marcellus|800||on|||||&#8221; text_text_color=&#8221;#343b36&#8243; text_font_size=&#8221;20px&#8221; text_orientation=&#8221;center&#8221; global_colors_info=&#8221;{}&#8221;]<\/p>\n<p>Foglaljon asztalt!<\/p>\n<p>[\/et_pb_text][et_pb_button button_url=&#8221;https:\/\/www.sevenrooms.com\/reservations\/tomgeorge&#8221; url_new_window=&#8221;on&#8221; button_text=&#8221;Foglal\u00e1s&#8221; button_alignment=&#8221;center&#8221; _builder_version=&#8221;4.23.1&#8243; _module_preset=&#8221;default&#8221; custom_button=&#8221;on&#8221; button_text_color=&#8221;#FFFFFF&#8221; button_bg_color=&#8221;#000000&#8243; button_border_color=&#8221;#000000&#8243; button_font=&#8221;Marcellus||||||||&#8221; locked=&#8221;off&#8221; global_colors_info=&#8221;{}&#8221;][\/et_pb_button][\/et_pb_column][et_pb_column type=&#8221;1_4&#8243; _builder_version=&#8221;4.23.1&#8243; _module_preset=&#8221;default&#8221; global_colors_info=&#8221;{}&#8221;][et_pb_text _builder_version=&#8221;4.24.0&#8243; _module_preset=&#8221;default&#8221; text_font=&#8221;Marcellus|800||on|||||&#8221; text_text_color=&#8221;#343b36&#8243; text_font_size=&#8221;20px&#8221; text_orientation=&#8221;center&#8221; global_colors_info=&#8221;{}&#8221;]<\/p>\n<p>kapcsolat<\/p>\n<p>[\/et_pb_text][et_pb_text _builder_version=&#8221;4.24.0&#8243; _module_preset=&#8221;default&#8221; text_font=&#8221;Marcellus||||||||&#8221; text_text_color=&#8221;#343b36&#8243; text_orientation=&#8221;center&#8221; custom_margin=&#8221;|-30px||-30px|false|false&#8221; custom_padding=&#8221;|||0px||&#8221; global_colors_info=&#8221;{}&#8221;]<\/p>\n<p class=\"has-text-align-center\"><strong>Telefon:<\/strong>\u00a0<a href=\"tel:06 70 333 2174\">06 70 333 2174<\/a><\/p>\n<p class=\"has-text-align-center\"><strong>E-mail:<\/strong>\u00a0<a href=\"mailto:tomgeorge@tomgeorge.hu\">tomgeorge@tomgeorge.hu<\/a><\/p>\n<p class=\"has-text-align-center\"><strong>C\u00edm:<\/strong><a href=\"https:\/\/www.google.com\/maps\/place\/Tom+George+Osteria\/@47.5096344,19.0444442,14z\/data=!4m5!3m4!1s0x4741dc69426d27a9:0x8b389de1709a67f6!8m2!3d47.5004282!4d19.0509072\"><strong>\u00a0<\/strong>1051 Budapest, Okt\u00f3ber 6. street 8.<\/a><\/p>\n<p>[\/et_pb_text][\/et_pb_column][et_pb_column type=&#8221;1_4&#8243; _builder_version=&#8221;4.23.1&#8243; _module_preset=&#8221;default&#8221; global_colors_info=&#8221;{}&#8221;][et_pb_text _builder_version=&#8221;4.23.1&#8243; _module_preset=&#8221;default&#8221; text_font=&#8221;Marcellus|800||on|||||&#8221; text_text_color=&#8221;#343b36&#8243; text_font_size=&#8221;20px&#8221; text_orientation=&#8221;center&#8221; custom_margin_tablet=&#8221;&#8221; custom_margin_phone=&#8221;30px||||false|false&#8221; custom_margin_last_edited=&#8221;on|phone&#8221; global_colors_info=&#8221;{}&#8221;]<\/p>\n<p>k\u00f6vess minket!<\/p>\n<p>[\/et_pb_text][et_pb_social_media_follow icon_color=&#8221;#FFFFFF&#8221; _builder_version=&#8221;4.23.1&#8243; _module_preset=&#8221;default&#8221; text_orientation=&#8221;center&#8221; border_radii=&#8221;on|30px|30px|30px|30px&#8221; border_color_all=&#8221;#343b36&#8243; global_colors_info=&#8221;{}&#8221;][et_pb_social_media_follow_network social_network=&#8221;facebook&#8221; url=&#8221;https:\/\/www.facebook.com\/tomgeorgeosteria&#8221; _builder_version=&#8221;4.23.1&#8243; _module_preset=&#8221;default&#8221; background_color=&#8221;#343b36&#8243; background_enable_color=&#8221;on&#8221; border_width_all=&#8221;3px&#8221; global_colors_info=&#8221;{}&#8221; follow_button=&#8221;off&#8221; url_new_window=&#8221;on&#8221;]facebook[\/et_pb_social_media_follow_network][et_pb_social_media_follow_network social_network=&#8221;instagram&#8221; url=&#8221;https:\/\/www.instagram.com\/tomgeorgebudapest\/&#8221; _builder_version=&#8221;4.23.1&#8243; _module_preset=&#8221;default&#8221; background_color=&#8221;#343b36&#8243; background_enable_color=&#8221;on&#8221; border_width_all=&#8221;3px&#8221; global_colors_info=&#8221;{}&#8221; follow_button=&#8221;off&#8221; url_new_window=&#8221;on&#8221;]instagram[\/et_pb_social_media_follow_network][\/et_pb_social_media_follow][\/et_pb_column][\/et_pb_row][\/et_pb_section][et_pb_section fb_built=&#8221;1&#8243; disabled_on=&#8221;off|off|off&#8221; module_id=&#8221;Footer-bottom-s&#8221; _builder_version=&#8221;4.23.1&#8243; _module_preset=&#8221;default&#8221; background_enable_color=&#8221;off&#8221; custom_padding=&#8221;0px||0px||false|false&#8221; global_colors_info=&#8221;{}&#8221;][et_pb_row column_structure=&#8221;1_2,1_2&#8243; module_id=&#8221;footer-bottom-r&#8221; _builder_version=&#8221;4.24.0&#8243; _module_preset=&#8221;default&#8221; width=&#8221;93%&#8221; max_width=&#8221;1975px&#8221; custom_padding=&#8221;11px||11px||false|false&#8221; global_colors_info=&#8221;{}&#8221;][et_pb_column type=&#8221;1_2&#8243; _builder_version=&#8221;4.23.1&#8243; _module_preset=&#8221;default&#8221; global_colors_info=&#8221;{}&#8221;][et_pb_text _builder_version=&#8221;4.24.0&#8243; _module_preset=&#8221;default&#8221; text_font=&#8221;Marcellus||||||||&#8221; text_text_color=&#8221;#d4c7a5&#8243; text_font_size=&#8221;14px&#8221; link_font=&#8221;Marcellus||||||||&#8221; link_text_color=&#8221;#000000&#8243; global_colors_info=&#8221;{}&#8221;]<\/p>\n<p>TG OSTERIA &#8211; <strong><a href=\"https:\/\/tokiobudapest.com\/en\/privacy-policy\/\">ADATKEZEL\u00c9SI SZAB\u00c1LYZAT<\/a> <\/strong>&#8211; <strong><a href=\"https:\/\/tokiobudapest.com\/en\/complaints-policy\/\">PANASZKEZEL\u00c9SI SZAB\u00c1LYZAT<\/a><\/strong><\/p>\n<p>[\/et_pb_text][\/et_pb_column][et_pb_column type=&#8221;1_2&#8243; _builder_version=&#8221;4.24.0&#8243; _module_preset=&#8221;default&#8221; global_colors_info=&#8221;{}&#8221;][et_pb_text _builder_version=&#8221;4.24.0&#8243; _module_preset=&#8221;default&#8221; global_colors_info=&#8221;{}&#8221;]<\/p>\n<div class=\"page-home__group-link-wrapper\" style=\"text-align: right;\"><strong><a class=\"page-home__group-link\" href=\"https:\/\/theanaloguegroup.com\/\" target=\"_blank\" rel=\"noopener\">THE ANALOGUE GROUP<\/a><\/strong><\/div>\n<p>[\/et_pb_text][\/et_pb_column][\/et_pb_row][\/et_pb_section]<\/p>\n","protected":false},"excerpt":{"rendered":"<p>MENUSNYITVATART\u00c1SH\u00e9tf\u0151-Vas\u00e1rnap:12:00 PM \u2013 12:00 AMKonyh\u00e1nk 23:00-kor z\u00e1r.Foglaljon asztalt!kapcsolatTelefon:\u00a006 70 333 2174 E-mail:\u00a0tomgeorge@tomgeorge.hu C\u00edm:\u00a01051 Budapest, Okt\u00f3ber 6. street 8.k\u00f6vess minket!TG OSTERIA &#8211; ADATKEZEL\u00c9SI SZAB\u00c1LYZAT &#8211; PANASZKEZEL\u00c9SI SZAB\u00c1LYZATTHE ANALOGUE GROUP<\/p>\n","protected":false},"author":1,"featured_media":0,"parent":0,"menu_order":0,"comment_status":"closed","ping_status":"closed","template":"","meta":{"_et_pb_use_builder":"on","_et_pb_old_content":"","_et_gb_content_width":"","footnotes":""},"class_list":["post-4020","page","type-page","status-publish","hentry"],"yoast_head":"<!-- This site is optimized with the Yoast SEO Premium plugin v27.4 (Yoast SEO v27.4) - https:\/\/yoast.com\/product\/yoast-seo-premium-wordpress\/ -->\n<title>Menus - TG Tokio<\/title>\n<meta name=\"robots\" content=\"index, follow, max-snippet:-1, max-image-preview:large, max-video-preview:-1\" \/>\n<link rel=\"canonical\" href=\"https:\/\/tokiobudapest.com\/en\/menus\/\" \/>\n<meta property=\"og:locale\" content=\"en_US\" \/>\n<meta property=\"og:type\" content=\"article\" \/>\n<meta property=\"og:title\" content=\"Menus\" \/>\n<meta property=\"og:description\" content=\"MENUSNYITVATART\u00c1SH\u00e9tf\u0151-Vas\u00e1rnap:12:00 PM \u2013 12:00 AMKonyh\u00e1nk 23:00-kor z\u00e1r.Foglaljon asztalt!kapcsolatTelefon:\u00a006 70 333 2174 E-mail:\u00a0tomgeorge@tomgeorge.hu C\u00edm:\u00a01051 Budapest, Okt\u00f3ber 6. street 8.k\u00f6vess minket!TG OSTERIA - ADATKEZEL\u00c9SI SZAB\u00c1LYZAT - PANASZKEZEL\u00c9SI SZAB\u00c1LYZATTHE ANALOGUE GROUP\" \/>\n<meta property=\"og:url\" content=\"https:\/\/tokiobudapest.com\/en\/menus\/\" \/>\n<meta property=\"og:site_name\" content=\"TG Tokio\" \/>\n<meta property=\"article:modified_time\" content=\"2025-02-24T08:52:04+00:00\" \/>\n<meta name=\"twitter:card\" content=\"summary_large_image\" \/>\n<meta name=\"twitter:label1\" content=\"Est. reading time\" \/>\n\t<meta name=\"twitter:data1\" content=\"1 minute\" \/>\n<script type=\"application\/ld+json\" class=\"yoast-schema-graph\">{\"@context\":\"https:\\\/\\\/schema.org\",\"@graph\":[{\"@type\":\"WebPage\",\"@id\":\"https:\\\/\\\/tokiobudapest.com\\\/en\\\/menus\\\/\",\"url\":\"https:\\\/\\\/tokiobudapest.com\\\/en\\\/menus\\\/\",\"name\":\"Menus - TG Tokio\",\"isPartOf\":{\"@id\":\"https:\\\/\\\/tokiobudapest.com\\\/#website\"},\"datePublished\":\"2023-12-18T09:59:19+00:00\",\"dateModified\":\"2025-02-24T08:52:04+00:00\",\"breadcrumb\":{\"@id\":\"https:\\\/\\\/tokiobudapest.com\\\/en\\\/menus\\\/#breadcrumb\"},\"inLanguage\":\"en-US\",\"potentialAction\":[{\"@type\":\"ReadAction\",\"target\":[\"https:\\\/\\\/tokiobudapest.com\\\/en\\\/menus\\\/\"]}]},{\"@type\":\"BreadcrumbList\",\"@id\":\"https:\\\/\\\/tokiobudapest.com\\\/en\\\/menus\\\/#breadcrumb\",\"itemListElement\":[{\"@type\":\"ListItem\",\"position\":1,\"name\":\"Home\",\"item\":\"https:\\\/\\\/tokiobudapest.com\\\/en\\\/\"},{\"@type\":\"ListItem\",\"position\":2,\"name\":\"Menus\"}]},{\"@type\":\"WebSite\",\"@id\":\"https:\\\/\\\/tokiobudapest.com\\\/#website\",\"url\":\"https:\\\/\\\/tokiobudapest.com\\\/\",\"name\":\"TG Tokio\",\"description\":\"\",\"publisher\":{\"@id\":\"https:\\\/\\\/tokiobudapest.com\\\/#organization\"},\"potentialAction\":[{\"@type\":\"SearchAction\",\"target\":{\"@type\":\"EntryPoint\",\"urlTemplate\":\"https:\\\/\\\/tokiobudapest.com\\\/?s={search_term_string}\"},\"query-input\":{\"@type\":\"PropertyValueSpecification\",\"valueRequired\":true,\"valueName\":\"search_term_string\"}}],\"inLanguage\":\"en-US\"},{\"@type\":\"Organization\",\"@id\":\"https:\\\/\\\/tokiobudapest.com\\\/#organization\",\"name\":\"TG Tokio\",\"url\":\"https:\\\/\\\/tokiobudapest.com\\\/\",\"logo\":{\"@type\":\"ImageObject\",\"inLanguage\":\"en-US\",\"@id\":\"https:\\\/\\\/tokiobudapest.com\\\/#\\\/schema\\\/logo\\\/image\\\/\",\"url\":\"\",\"contentUrl\":\"\",\"caption\":\"TG Tokio\"},\"image\":{\"@id\":\"https:\\\/\\\/tokiobudapest.com\\\/#\\\/schema\\\/logo\\\/image\\\/\"}}]}<\/script>\n<!-- \/ Yoast SEO Premium plugin. -->","yoast_head_json":{"title":"Menus - TG Tokio","robots":{"index":"index","follow":"follow","max-snippet":"max-snippet:-1","max-image-preview":"max-image-preview:large","max-video-preview":"max-video-preview:-1"},"canonical":"https:\/\/tokiobudapest.com\/en\/menus\/","og_locale":"en_US","og_type":"article","og_title":"Menus","og_description":"MENUSNYITVATART\u00c1SH\u00e9tf\u0151-Vas\u00e1rnap:12:00 PM \u2013 12:00 AMKonyh\u00e1nk 23:00-kor z\u00e1r.Foglaljon asztalt!kapcsolatTelefon:\u00a006 70 333 2174 E-mail:\u00a0tomgeorge@tomgeorge.hu C\u00edm:\u00a01051 Budapest, Okt\u00f3ber 6. street 8.k\u00f6vess minket!TG OSTERIA - ADATKEZEL\u00c9SI SZAB\u00c1LYZAT - PANASZKEZEL\u00c9SI SZAB\u00c1LYZATTHE ANALOGUE GROUP","og_url":"https:\/\/tokiobudapest.com\/en\/menus\/","og_site_name":"TG Tokio","article_modified_time":"2025-02-24T08:52:04+00:00","twitter_card":"summary_large_image","twitter_misc":{"Est. reading time":"1 minute"},"schema":{"@context":"https:\/\/schema.org","@graph":[{"@type":"WebPage","@id":"https:\/\/tokiobudapest.com\/en\/menus\/","url":"https:\/\/tokiobudapest.com\/en\/menus\/","name":"Menus - TG Tokio","isPartOf":{"@id":"https:\/\/tokiobudapest.com\/#website"},"datePublished":"2023-12-18T09:59:19+00:00","dateModified":"2025-02-24T08:52:04+00:00","breadcrumb":{"@id":"https:\/\/tokiobudapest.com\/en\/menus\/#breadcrumb"},"inLanguage":"en-US","potentialAction":[{"@type":"ReadAction","target":["https:\/\/tokiobudapest.com\/en\/menus\/"]}]},{"@type":"BreadcrumbList","@id":"https:\/\/tokiobudapest.com\/en\/menus\/#breadcrumb","itemListElement":[{"@type":"ListItem","position":1,"name":"Home","item":"https:\/\/tokiobudapest.com\/en\/"},{"@type":"ListItem","position":2,"name":"Menus"}]},{"@type":"WebSite","@id":"https:\/\/tokiobudapest.com\/#website","url":"https:\/\/tokiobudapest.com\/","name":"TG Tokio","description":"","publisher":{"@id":"https:\/\/tokiobudapest.com\/#organization"},"potentialAction":[{"@type":"SearchAction","target":{"@type":"EntryPoint","urlTemplate":"https:\/\/tokiobudapest.com\/?s={search_term_string}"},"query-input":{"@type":"PropertyValueSpecification","valueRequired":true,"valueName":"search_term_string"}}],"inLanguage":"en-US"},{"@type":"Organization","@id":"https:\/\/tokiobudapest.com\/#organization","name":"TG Tokio","url":"https:\/\/tokiobudapest.com\/","logo":{"@type":"ImageObject","inLanguage":"en-US","@id":"https:\/\/tokiobudapest.com\/#\/schema\/logo\/image\/","url":"","contentUrl":"","caption":"TG Tokio"},"image":{"@id":"https:\/\/tokiobudapest.com\/#\/schema\/logo\/image\/"}}]}},"_links":{"self":[{"href":"https:\/\/tokiobudapest.com\/en\/wp-json\/wp\/v2\/pages\/4020","targetHints":{"allow":["GET"]}}],"collection":[{"href":"https:\/\/tokiobudapest.com\/en\/wp-json\/wp\/v2\/pages"}],"about":[{"href":"https:\/\/tokiobudapest.com\/en\/wp-json\/wp\/v2\/types\/page"}],"author":[{"embeddable":true,"href":"https:\/\/tokiobudapest.com\/en\/wp-json\/wp\/v2\/users\/1"}],"replies":[{"embeddable":true,"href":"https:\/\/tokiobudapest.com\/en\/wp-json\/wp\/v2\/comments?post=4020"}],"version-history":[{"count":6,"href":"https:\/\/tokiobudapest.com\/en\/wp-json\/wp\/v2\/pages\/4020\/revisions"}],"predecessor-version":[{"id":4373,"href":"https:\/\/tokiobudapest.com\/en\/wp-json\/wp\/v2\/pages\/4020\/revisions\/4373"}],"wp:attachment":[{"href":"https:\/\/tokiobudapest.com\/en\/wp-json\/wp\/v2\/media?parent=4020"}],"curies":[{"name":"wp","href":"https:\/\/api.w.org\/{rel}","templated":true}]}}