{"id":3623,"date":"2024-02-05T14:59:23","date_gmt":"2024-02-05T14:59:23","guid":{"rendered":"https:\/\/tokiobudapest.com\/panaszkezelesi-szabalyzat\/"},"modified":"2024-02-20T10:02:53","modified_gmt":"2024-02-20T10:02:53","slug":"complaints-policy","status":"publish","type":"page","link":"https:\/\/tokiobudapest.com\/en\/complaints-policy\/","title":{"rendered":"COMPLAINTS POLICY"},"content":{"rendered":"<p>[et_pb_section fb_built=&#8221;1&#8243; _builder_version=&#8221;4.23.1&#8243; _module_preset=&#8221;default&#8221; custom_margin=&#8221;-100px||0px||false|false&#8221; custom_margin_tablet=&#8221;0px||||false|false&#8221; custom_margin_phone=&#8221;0px||||false|false&#8221; custom_margin_last_edited=&#8221;on|tablet&#8221; custom_padding=&#8221;0px||0px||false|false&#8221; locked=&#8221;off&#8221; global_colors_info=&#8221;{}&#8221;][et_pb_row column_structure=&#8221;2_5,3_5&#8243; make_equal=&#8221;on&#8221; _builder_version=&#8221;4.24.0&#8243; _module_preset=&#8221;default&#8221; background_color=&#8221;#4e403b&#8221; width=&#8221;100%&#8221; max_width=&#8221;2560px&#8221; custom_margin=&#8221;-25px||0px||false|false&#8221; custom_margin_tablet=&#8221;-20px||0px||false|false&#8221; custom_margin_phone=&#8221;0px||0px||false|false&#8221; custom_margin_last_edited=&#8221;on|tablet&#8221; custom_padding=&#8221;30px||0px||false|false&#8221; global_colors_info=&#8221;{}&#8221;][et_pb_column type=&#8221;2_5&#8243; _builder_version=&#8221;4.23.1&#8243; _module_preset=&#8221;default&#8221; global_colors_info=&#8221;{}&#8221;][et_pb_image src=&#8221;https:\/\/tokiobudapest.com\/wp-content\/uploads\/2024\/02\/Tokio-Budapest-15.jpg&#8221; title_text=&#8221;Tokio-Budapest-15&#8243; disabled_on=&#8221;on|on|off&#8221; _builder_version=&#8221;4.24.0&#8243; _module_preset=&#8221;default&#8221; custom_margin=&#8221;-50px||||false|false&#8221; sticky_position=&#8221;top&#8221; sticky_limit_top=&#8221;section&#8221; sticky_limit_bottom=&#8221;row&#8221; sticky_offset_surrounding=&#8221;off&#8221; motion_trigger_start=&#8221;top&#8221; sticky_position_tablet=&#8221;none&#8221; sticky_position_phone=&#8221;none&#8221; sticky_position_last_edited=&#8221;on|desktop&#8221; global_colors_info=&#8221;{}&#8221;][\/et_pb_image][\/et_pb_column][et_pb_column type=&#8221;3_5&#8243; _builder_version=&#8221;4.24.0&#8243; _module_preset=&#8221;default&#8221; background_color=&#8221;RGBA(255,255,255,0)&#8221; custom_padding=&#8221;5%|8%|5%|2%|true|false&#8221; custom_padding_tablet=&#8221;|5%|||true|false&#8221; custom_padding_phone=&#8221;|5%|||true|false&#8221; custom_padding_last_edited=&#8221;off|desktop&#8221; global_colors_info=&#8221;{}&#8221;][et_pb_text admin_label=&#8221;Sz\u00f6veg&#8221; _builder_version=&#8221;4.24.0&#8243; _module_preset=&#8221;default&#8221; text_font=&#8221;TokioCentury|700||on|||||&#8221; text_text_color=&#8221;#FFFFFF&#8221; text_font_size=&#8221;30px&#8221; header_font=&#8221;TokioHeadline|700|||||||&#8221; header_text_color=&#8221;#FFFFFF&#8221; header_font_size=&#8221;40px&#8221; header_line_height=&#8221;1.3em&#8221; hover_enabled=&#8221;0&#8243; global_colors_info=&#8221;{}&#8221; sticky_enabled=&#8221;0&#8243;]<\/p>\n<h1>Tokio Budapest Restaurant Complaints Policy<\/h1>\n<p>[\/et_pb_text][et_pb_text admin_label=&#8221;Sz\u00f6veg&#8221; _builder_version=&#8221;4.24.0&#8243; _module_preset=&#8221;default&#8221; text_font=&#8221;TokioCentury||||||||&#8221; text_text_color=&#8221;#FFFFFF&#8221; text_letter_spacing=&#8221;1px&#8221; custom_margin=&#8221;||70px|||&#8221; hover_enabled=&#8221;0&#8243; global_colors_info=&#8221;{}&#8221; sticky_enabled=&#8221;0&#8243;]<\/p>\n<p>A Leroy Co. Ltd. (1051 Budapest, Sz\u00e9chenyi Istv\u00e1n t\u00e9r 7-8. hereinafter referred to as Tokio Budapest Restaurant or the Data Controller) as the operator of Tokio Budapest Restaurant and as the Data Controller, has prepared its Complaints Handling Policy in order to ensure the transparent, efficient handling and investigation of the Data Subject\u2019s complaints according to uniform rules. This Code on consumer protection<br \/>on 1997. CLV. law and the General Data Protection Regulation (hereinafter GDPR). The complainant\u2019s data are protected by the Freedom of Information and Self-Determination Act 2011. CXII. Act (hereinafter referred to as Info tv.) shall be treated in accordance with the provisions of.<\/p>\n<p>I. THE COMPLAINTS HANDLING PROCEDURE<br \/>I.1. Ways to report<br \/>Oral complaint<br \/>The verbal complaint should be investigated immediately and remedied as necessary. If the Data Subject does not agree with the handling of the complaint or if it is not possible to investigate the complaint immediately, Tokio Budapest Restaurant will promptly take a record of the complaint and its position on the complaint.<br \/>Tokio Budapest Restaurant shall provide a copy of the report to the Data Subject on the spot in the event of a verbal complaint made in person.<\/p>\n<p>The record of the complaint must include the following:<br \/>\u2013 the name and address of the Data Subject,<br \/>\u2013 where, when and how the complaint was lodged,<br \/>\u2013 a detailed description of the data subject\u2019s complaint and a list of the documents, records and other evidence presented by the data subject,<br \/>\u2013 a statement by Tokio Budapest Restaurant of its position on the Data Subject\u2019s complaint, if an immediate investigation of the complaint is possible,<br \/>\u2013 the signatures of the person who took the minutes and the Data Subject,<br \/>\u2013 the place and time of recording of the minutes.<\/p>\n<p>As Tokio Budapest Restaurant does not have customer service or voice recording facilities, only verbal complaints made in person can be formally accepted. If this is not possible, the Data Subject\u2019s attention should be drawn to the possibility of a written complaint!<\/p>\n<p>In the event of a verbal complaint, Tokio Budapest Restaurant provides the following complaint procedure:<br \/>\u2013 in person at Tokio Budapest Restaurant, 1051 Budapest, Sz\u00e9chenyi Istv\u00e1n t\u00e9r 7-8, opening hours: monday-sunday 12:00-00:00<\/p>\n<p>Written complaint<br \/>\u2013 The Tokio Budapest Restaurant shall respond to the written complaint in writing within 30 (thirty) days of receipt and shall take measures to rectify the complaint.<br \/>\u2013 A shorter time limit may be set by law, and a longer time limit by statute. Tokio Budapest Restaurant is required to state the reasons for its decision to reject the complaint.<br \/>\u2013 Tokio Budapest Restaurant is obliged to keep the record of the complaint and a copy of the reply for 5 (five) years and to present it to the inspection authorities upon request.<br \/>\u2013 If the complaint is rejected, Tokio Budapest Restaurant shall inform the Data Subject in writing of the authority or conciliation body to which the complaint may be submitted, depending on the nature of the complaint.<br \/>\u2013 The complaint must not only be answered within 30 (thirty) days, but also be delivered to the Data Subject.<br \/>\u2013 The requirement of written form may also be met by letter, e-mail or fax, or by any other means which permits the recipient to store the data permanently for a period of time adequate for the purposes for which they were intended and to display the data in an unaltered form and content.<\/p>\n<p>By proxy:<br \/>\u2013 The customer may also act by proxy. An authorised representative may only act as a proxy if the authorisation is contained in a public or private document with full probative value.<\/p>\n<p>I.2. Registering the complaint<br \/>Tokio Budapest Restaurant keeps a record of complaints and the measures taken to resolve them.<br \/>The register contains:<br \/>\u2013 a description of the complaint and the event or fact that is the subject of the complaint,<br \/>\u2013 the date of the complaint,<br \/>\u2013 a description of the action taken to settle or resolve the complaint, and if not, the reasons for the refusal,<br \/>\u2013 the deadline for completion of the measure and the name of the person responsible for its implementation,<br \/>\u2013 the date of the response to the complaint.<br \/>The complaint and the reply must be kept for five years<\/p>\n<p>I.3. Remedies<br \/>In the event of a total or partial rejection of the complaint, or if the 30 (thirty) day time limit for responding to the complaint has expired without result, the Data Subject may turn to the following bodies or authorities:<br \/>1) If the complaint concerns information, rectification, blocking or blocking of data<br \/>or erasure by the controller, the National Data Protection and<br \/>Information can be obtained from the Freedom of Information Authority.<br \/>Name: National Authority for Data Protection and Information<br \/>Office: 1125 Budapest Szil\u00e1gyi Erzs\u00e9bet fasor 22\/c.<br \/>Postal address: 1530 Budapest, Pf.: 5.<br \/>Email: ugyfelszolgalat@naih.hu<br \/>Phone: +36 (1) 391-1400<br \/>Fax: +36 (1) 391-1410<br \/>Website: http:\/\/naih.hu<\/p>\n<p>2) In the event of a dispute concerning the formation, validity, effects and termination of the contract, as well as breach of contract and its effects, a conciliation procedure may be initiated.<br \/>Name: Budapest Conciliation Board<br \/>Location: 1016 Budapest, Krisztina krt. 99.<br \/>E-mail: bekelteto.testulet@bkik.hu<br \/>Telephone: (1) 488-2131<br \/>Fax: (1) 488.2186<br \/>Website: http:\/\/bekeltet.hu\/<\/p>\n<p>3) The district offices are the first instance in consumer protection matters.<\/p>\n<p>4) A customer who is not a consumer may, after lodging a complaint with Tokio Budapest Restaurant, seek redress before the competent court having jurisdiction over the matter (www.birosag.hu).<\/p>\n<p>These Rules 2018. in force from 25 May.<\/p>\n<p>[\/et_pb_text][et_pb_image src=&#8221;https:\/\/tokiobudapest.com\/wp-content\/uploads\/2024\/02\/Tokio-Budapest-15.jpg&#8221; title_text=&#8221;Tokio-Budapest-15&#8243; disabled_on=&#8221;off|off|on&#8221; _builder_version=&#8221;4.24.0&#8243; _module_preset=&#8221;default&#8221; global_colors_info=&#8221;{}&#8221;][\/et_pb_image][\/et_pb_column][\/et_pb_row][\/et_pb_section]<\/p>\n","protected":false},"excerpt":{"rendered":"<p>Tokio Budapest Restaurant Complaints PolicyA Leroy Co. Ltd. (1051 Budapest, Sz\u00e9chenyi Istv\u00e1n t\u00e9r 7-8. hereinafter referred to as Tokio Budapest Restaurant or the Data Controller) as the operator of Tokio Budapest Restaurant and as the Data Controller, has prepared its Complaints Handling Policy in order to ensure the transparent, efficient handling and investigation of the [&hellip;]<\/p>\n","protected":false},"author":2,"featured_media":0,"parent":0,"menu_order":0,"comment_status":"closed","ping_status":"closed","template":"","meta":{"_et_pb_use_builder":"on","_et_pb_old_content":"","_et_gb_content_width":"","footnotes":""},"class_list":["post-3623","page","type-page","status-publish","hentry"],"yoast_head":"<!-- This site is optimized with the Yoast SEO Premium plugin v27.4 (Yoast SEO v27.4) - https:\/\/yoast.com\/product\/yoast-seo-premium-wordpress\/ -->\n<title>COMPLAINTS POLICY - TG Tokio<\/title>\n<meta name=\"robots\" content=\"index, follow, max-snippet:-1, max-image-preview:large, max-video-preview:-1\" \/>\n<link rel=\"canonical\" href=\"https:\/\/tokiobudapest.com\/en\/complaints-policy\/\" \/>\n<meta property=\"og:locale\" content=\"en_US\" \/>\n<meta property=\"og:type\" content=\"article\" \/>\n<meta property=\"og:title\" content=\"COMPLAINTS POLICY\" \/>\n<meta property=\"og:description\" content=\"Tokio Budapest Restaurant Complaints PolicyA Leroy Co. Ltd. (1051 Budapest, Sz\u00e9chenyi Istv\u00e1n t\u00e9r 7-8. hereinafter referred to as Tokio Budapest Restaurant or the Data Controller) as the operator of Tokio Budapest Restaurant and as the Data Controller, has prepared its Complaints Handling Policy in order to ensure the transparent, efficient handling and investigation of the [&hellip;]\" \/>\n<meta property=\"og:url\" content=\"https:\/\/tokiobudapest.com\/en\/complaints-policy\/\" \/>\n<meta property=\"og:site_name\" content=\"TG Tokio\" \/>\n<meta property=\"article:modified_time\" content=\"2024-02-20T10:02:53+00:00\" \/>\n<meta name=\"twitter:card\" content=\"summary_large_image\" \/>\n<meta name=\"twitter:label1\" content=\"Est. reading time\" \/>\n\t<meta name=\"twitter:data1\" content=\"5 minutes\" \/>\n<script type=\"application\/ld+json\" class=\"yoast-schema-graph\">{\"@context\":\"https:\\\/\\\/schema.org\",\"@graph\":[{\"@type\":\"WebPage\",\"@id\":\"https:\\\/\\\/tokiobudapest.com\\\/en\\\/complaints-policy\\\/\",\"url\":\"https:\\\/\\\/tokiobudapest.com\\\/en\\\/complaints-policy\\\/\",\"name\":\"COMPLAINTS POLICY - TG Tokio\",\"isPartOf\":{\"@id\":\"https:\\\/\\\/tokiobudapest.com\\\/#website\"},\"datePublished\":\"2024-02-05T14:59:23+00:00\",\"dateModified\":\"2024-02-20T10:02:53+00:00\",\"breadcrumb\":{\"@id\":\"https:\\\/\\\/tokiobudapest.com\\\/en\\\/complaints-policy\\\/#breadcrumb\"},\"inLanguage\":\"en-US\",\"potentialAction\":[{\"@type\":\"ReadAction\",\"target\":[\"https:\\\/\\\/tokiobudapest.com\\\/en\\\/complaints-policy\\\/\"]}]},{\"@type\":\"BreadcrumbList\",\"@id\":\"https:\\\/\\\/tokiobudapest.com\\\/en\\\/complaints-policy\\\/#breadcrumb\",\"itemListElement\":[{\"@type\":\"ListItem\",\"position\":1,\"name\":\"Home\",\"item\":\"https:\\\/\\\/tokiobudapest.com\\\/en\\\/\"},{\"@type\":\"ListItem\",\"position\":2,\"name\":\"COMPLAINTS POLICY\"}]},{\"@type\":\"WebSite\",\"@id\":\"https:\\\/\\\/tokiobudapest.com\\\/#website\",\"url\":\"https:\\\/\\\/tokiobudapest.com\\\/\",\"name\":\"TG Tokio\",\"description\":\"\",\"publisher\":{\"@id\":\"https:\\\/\\\/tokiobudapest.com\\\/#organization\"},\"potentialAction\":[{\"@type\":\"SearchAction\",\"target\":{\"@type\":\"EntryPoint\",\"urlTemplate\":\"https:\\\/\\\/tokiobudapest.com\\\/?s={search_term_string}\"},\"query-input\":{\"@type\":\"PropertyValueSpecification\",\"valueRequired\":true,\"valueName\":\"search_term_string\"}}],\"inLanguage\":\"en-US\"},{\"@type\":\"Organization\",\"@id\":\"https:\\\/\\\/tokiobudapest.com\\\/#organization\",\"name\":\"TG Tokio\",\"url\":\"https:\\\/\\\/tokiobudapest.com\\\/\",\"logo\":{\"@type\":\"ImageObject\",\"inLanguage\":\"en-US\",\"@id\":\"https:\\\/\\\/tokiobudapest.com\\\/#\\\/schema\\\/logo\\\/image\\\/\",\"url\":\"\",\"contentUrl\":\"\",\"caption\":\"TG Tokio\"},\"image\":{\"@id\":\"https:\\\/\\\/tokiobudapest.com\\\/#\\\/schema\\\/logo\\\/image\\\/\"}}]}<\/script>\n<!-- \/ Yoast SEO Premium plugin. -->","yoast_head_json":{"title":"COMPLAINTS POLICY - TG Tokio","robots":{"index":"index","follow":"follow","max-snippet":"max-snippet:-1","max-image-preview":"max-image-preview:large","max-video-preview":"max-video-preview:-1"},"canonical":"https:\/\/tokiobudapest.com\/en\/complaints-policy\/","og_locale":"en_US","og_type":"article","og_title":"COMPLAINTS POLICY","og_description":"Tokio Budapest Restaurant Complaints PolicyA Leroy Co. Ltd. (1051 Budapest, Sz\u00e9chenyi Istv\u00e1n t\u00e9r 7-8. hereinafter referred to as Tokio Budapest Restaurant or the Data Controller) as the operator of Tokio Budapest Restaurant and as the Data Controller, has prepared its Complaints Handling Policy in order to ensure the transparent, efficient handling and investigation of the [&hellip;]","og_url":"https:\/\/tokiobudapest.com\/en\/complaints-policy\/","og_site_name":"TG Tokio","article_modified_time":"2024-02-20T10:02:53+00:00","twitter_card":"summary_large_image","twitter_misc":{"Est. reading time":"5 minutes"},"schema":{"@context":"https:\/\/schema.org","@graph":[{"@type":"WebPage","@id":"https:\/\/tokiobudapest.com\/en\/complaints-policy\/","url":"https:\/\/tokiobudapest.com\/en\/complaints-policy\/","name":"COMPLAINTS POLICY - TG Tokio","isPartOf":{"@id":"https:\/\/tokiobudapest.com\/#website"},"datePublished":"2024-02-05T14:59:23+00:00","dateModified":"2024-02-20T10:02:53+00:00","breadcrumb":{"@id":"https:\/\/tokiobudapest.com\/en\/complaints-policy\/#breadcrumb"},"inLanguage":"en-US","potentialAction":[{"@type":"ReadAction","target":["https:\/\/tokiobudapest.com\/en\/complaints-policy\/"]}]},{"@type":"BreadcrumbList","@id":"https:\/\/tokiobudapest.com\/en\/complaints-policy\/#breadcrumb","itemListElement":[{"@type":"ListItem","position":1,"name":"Home","item":"https:\/\/tokiobudapest.com\/en\/"},{"@type":"ListItem","position":2,"name":"COMPLAINTS POLICY"}]},{"@type":"WebSite","@id":"https:\/\/tokiobudapest.com\/#website","url":"https:\/\/tokiobudapest.com\/","name":"TG Tokio","description":"","publisher":{"@id":"https:\/\/tokiobudapest.com\/#organization"},"potentialAction":[{"@type":"SearchAction","target":{"@type":"EntryPoint","urlTemplate":"https:\/\/tokiobudapest.com\/?s={search_term_string}"},"query-input":{"@type":"PropertyValueSpecification","valueRequired":true,"valueName":"search_term_string"}}],"inLanguage":"en-US"},{"@type":"Organization","@id":"https:\/\/tokiobudapest.com\/#organization","name":"TG Tokio","url":"https:\/\/tokiobudapest.com\/","logo":{"@type":"ImageObject","inLanguage":"en-US","@id":"https:\/\/tokiobudapest.com\/#\/schema\/logo\/image\/","url":"","contentUrl":"","caption":"TG Tokio"},"image":{"@id":"https:\/\/tokiobudapest.com\/#\/schema\/logo\/image\/"}}]}},"_links":{"self":[{"href":"https:\/\/tokiobudapest.com\/en\/wp-json\/wp\/v2\/pages\/3623","targetHints":{"allow":["GET"]}}],"collection":[{"href":"https:\/\/tokiobudapest.com\/en\/wp-json\/wp\/v2\/pages"}],"about":[{"href":"https:\/\/tokiobudapest.com\/en\/wp-json\/wp\/v2\/types\/page"}],"author":[{"embeddable":true,"href":"https:\/\/tokiobudapest.com\/en\/wp-json\/wp\/v2\/users\/2"}],"replies":[{"embeddable":true,"href":"https:\/\/tokiobudapest.com\/en\/wp-json\/wp\/v2\/comments?post=3623"}],"version-history":[{"count":7,"href":"https:\/\/tokiobudapest.com\/en\/wp-json\/wp\/v2\/pages\/3623\/revisions"}],"predecessor-version":[{"id":3977,"href":"https:\/\/tokiobudapest.com\/en\/wp-json\/wp\/v2\/pages\/3623\/revisions\/3977"}],"wp:attachment":[{"href":"https:\/\/tokiobudapest.com\/en\/wp-json\/wp\/v2\/media?parent=3623"}],"curies":[{"name":"wp","href":"https:\/\/api.w.org\/{rel}","templated":true}]}}